{"id":10,"date":"2016-09-25T23:11:37","date_gmt":"2016-09-25T20:11:37","guid":{"rendered":"http:\/\/www.dinamolat.lv\/?page_id=10"},"modified":"2024-01-09T14:14:18","modified_gmt":"2024-01-09T12:14:18","slug":"treneri","status":"publish","type":"page","link":"https:\/\/www.dinamolat.lv\/lv\/treneri\/","title":{"rendered":"Treneri"},"content":{"rendered":"<h2 style=\"text-align: center;\"><\/h2>\n<h2><img decoding=\"async\" loading=\"lazy\" class=\"alignnone size-medium wp-image-72\" src=\"http:\/\/www.dinamolat.lv\/lv\/wp-content\/uploads\/2016\/09\/132_c5694d50ea29b9715772b32889e2a45b-300x200.jpg\" alt=\"Edgars Riders\" width=\"300\" height=\"200\" srcset=\"https:\/\/www.dinamolat.lv\/lv\/wp-content\/uploads\/2016\/09\/132_c5694d50ea29b9715772b32889e2a45b-300x200.jpg 300w, https:\/\/www.dinamolat.lv\/lv\/wp-content\/uploads\/2016\/09\/132_c5694d50ea29b9715772b32889e2a45b-768x512.jpg 768w, https:\/\/www.dinamolat.lv\/lv\/wp-content\/uploads\/2016\/09\/132_c5694d50ea29b9715772b32889e2a45b-405x270.jpg 405w, https:\/\/www.dinamolat.lv\/lv\/wp-content\/uploads\/2016\/09\/132_c5694d50ea29b9715772b32889e2a45b.jpg 800w\" sizes=\"(max-width: 300px) 100vw, 300px\" \/><\/h2>\n<h2>Edgars Riders<\/h2>\n<p><span style=\"color: #0000ff;\"><strong>TELEFONS:\u00a028243968<\/strong><\/span><br \/>\n<span style=\"color: #0000ff;\"><strong>E-PASTS: sia.dinamolat@gmail.com<\/strong><\/span><\/p>\n<p>Sertific\u0113ts sporta speci\u0101lists<br \/>\n(sertifik\u0101ta Nr.867)<\/p>\n<p>Pieredze darb\u0101 ar pirmsskolas vecuma b\u0113rniem no 2008 gada.<\/p>\n<p>Starptautiskais D\u017eudo feder\u0101cijas akad\u0113mijas sertifik\u0101ts- CERTIFIED JUDO MANAGER<\/p>\n<p>Biedr\u012bbas &#8220;Sporta klubs &#8220;Dinamo LAT&#8221;&#8221; valdes loceklis<br \/>\nSporta meistars, I DAN.<br \/>\nEJOF 5.vieta 2005.g (-81kg).<br \/>\nLatvijas Jaunatnes Olimpiades 1.v.ieguv\u0113js 2005.g (-81kg).<br \/>\nLatvijas \u010dempions 1.v. ieguv\u0113js U-17 (-81kg) 2005.g.<br \/>\nLatvijas \u010dempions 1.v. ieguv\u0113js U-20 (-90kg) 2007.g.<br \/>\nLatvijas \u010dempions 1.v ieguv\u0113js U-20 (-90kg) 2008.g.<br \/>\nLatvijas \u010dempions 1.v ieguv\u0113js U-23 (-90kg) 2008.g.<br \/>\nLatvijas \u010dempions 1.v ieguv\u0113js U-23 (-100kg) 2009.g.<br \/>\nLatvijas \u010dempions 1.v ieguv\u0113js Senior (-100kg) 2009.g.<br \/>\nDaudzk\u0101rt\u0113js starptautisko turn\u012bru uzvar\u0113t\u0101js un Eiropas \u010dempion\u0101tu dal\u012bbnieks.<br \/>\nPieredze d\u017eudo no 1998.g.<\/p>\n<hr \/>\n<h2><img decoding=\"async\" loading=\"lazy\" class=\"alignnone size-medium wp-image-478\" src=\"http:\/\/www.dinamolat.lv\/lv\/wp-content\/uploads\/2016\/09\/foto-225x300.png\" alt=\"foto\" width=\"225\" height=\"300\" srcset=\"https:\/\/www.dinamolat.lv\/lv\/wp-content\/uploads\/2016\/09\/foto-225x300.png 225w, https:\/\/www.dinamolat.lv\/lv\/wp-content\/uploads\/2016\/09\/foto-768x1024.png 768w, https:\/\/www.dinamolat.lv\/lv\/wp-content\/uploads\/2016\/09\/foto.png 960w\" sizes=\"(max-width: 225px) 100vw, 225px\" \/><\/h2>\n<h2>Edgars Kri\u017eanovskis<\/h2>\n<p><span style=\"color: #0000ff;\"><strong>TELEFONS:\u00a026704420<\/strong><\/span><br \/>\n<span style=\"color: #0000ff;\"><strong>E-PASTS: kids.dinamolat@gmail.com<\/strong><\/span><\/p>\n<p>Pieredze d\u017eudo no 2002. gada<\/p>\n<div>Augst\u0101k\u0101 izgl\u012bt\u012bba (Bakalaura gr\u0101ds)<\/div>\n<div>Sertific\u0113ts sporta speci\u0101lists<\/div>\n<div>Daudzk\u0101rt\u0113js d\u017eudo sacens\u012bbu uzvar\u0113t\u0101js<\/div>\n<div><span style=\"color: #000000; font-family: verdana,geneva,arial,helvetica,sans-serif;\">Apmekl\u0113jis daudzus LDF r\u012bkotos semin\u0101rus<\/span><\/div>\n<div>Sporta pas\u0101kumu, projektu, sacens\u012bbu, nomet\u0146u organizators un vad\u012bt\u0101js.<\/div>\n<hr \/>\n<h2>\u00a0<img decoding=\"async\" loading=\"lazy\" class=\"alignnone size-medium wp-image-514\" src=\"http:\/\/www.dinamolat.lv\/lv\/wp-content\/uploads\/2016\/09\/IMG_2524-e1487450140285-200x300.jpg\" alt=\"\" width=\"200\" height=\"300\" srcset=\"https:\/\/www.dinamolat.lv\/lv\/wp-content\/uploads\/2016\/09\/IMG_2524-e1487450140285-200x300.jpg 200w, https:\/\/www.dinamolat.lv\/lv\/wp-content\/uploads\/2016\/09\/IMG_2524-e1487450140285-768x1152.jpg 768w, https:\/\/www.dinamolat.lv\/lv\/wp-content\/uploads\/2016\/09\/IMG_2524-e1487450140285-683x1024.jpg 683w, https:\/\/www.dinamolat.lv\/lv\/wp-content\/uploads\/2016\/09\/IMG_2524-e1487450140285-1200x1800.jpg 1200w\" sizes=\"(max-width: 200px) 100vw, 200px\" \/><\/h2>\n<h2>Dmitrijs Mo\u0161enoks<\/h2>\n<p><span style=\"color: #0000ff;\"><strong>TELEFONS:\u00a024867233<\/strong><\/span><br \/>\n<span style=\"color: #0000ff;\"><strong> E-PASTS: kids.dinamolat@gmail.com<\/strong><\/span><\/p>\n<p>Augst\u0101k\u0101 izgl\u012bt\u012bba-\u00a0Latvijas Sporta pedago\u0123ijas akad\u0113mija<\/p>\n<p>Central College of Limerick(CCL)-Fitness Instructor course<\/p>\n<h2><\/h2>\n","protected":false},"excerpt":{"rendered":"<p>Edgars Riders TELEFONS:\u00a028243968 E-PASTS: sia.dinamolat@gmail.com Sertific\u0113ts sporta speci\u0101lists (sertifik\u0101ta Nr.867) Pieredze darb\u0101 ar pirmsskolas vecuma b\u0113rniem no 2008 gada. Starptautiskais D\u017eudo feder\u0101cijas akad\u0113mijas sertifik\u0101ts- CERTIFIED JUDO MANAGER Biedr\u012bbas &#8220;Sporta klubs &#8220;Dinamo LAT&#8221;&#8221; valdes loceklis Sporta meistars, I DAN. EJOF 5.vieta 2005.g (-81kg). Latvijas Jaunatnes Olimpiades 1.v.ieguv\u0113js 2005.g (-81kg). Latvijas \u010dempions 1.v. ieguv\u0113js U-17 (-81kg) 2005.g. \u2026<\/p>\n<a class=\"more-link\" href=\"https:\/\/www.dinamolat.lv\/lv\/treneri\/\">Turpin\u0101t las\u012bt <\/a>","protected":false},"author":1,"featured_media":0,"parent":0,"menu_order":0,"comment_status":"closed","ping_status":"closed","template":"","meta":[],"_links":{"self":[{"href":"https:\/\/www.dinamolat.lv\/lv\/wp-json\/wp\/v2\/pages\/10"}],"collection":[{"href":"https:\/\/www.dinamolat.lv\/lv\/wp-json\/wp\/v2\/pages"}],"about":[{"href":"https:\/\/www.dinamolat.lv\/lv\/wp-json\/wp\/v2\/types\/page"}],"author":[{"embeddable":true,"href":"https:\/\/www.dinamolat.lv\/lv\/wp-json\/wp\/v2\/users\/1"}],"replies":[{"embeddable":true,"href":"https:\/\/www.dinamolat.lv\/lv\/wp-json\/wp\/v2\/comments?post=10"}],"version-history":[{"count":33,"href":"https:\/\/www.dinamolat.lv\/lv\/wp-json\/wp\/v2\/pages\/10\/revisions"}],"predecessor-version":[{"id":1391,"href":"https:\/\/www.dinamolat.lv\/lv\/wp-json\/wp\/v2\/pages\/10\/revisions\/1391"}],"wp:attachment":[{"href":"https:\/\/www.dinamolat.lv\/lv\/wp-json\/wp\/v2\/media?parent=10"}],"curies":[{"name":"wp","href":"https:\/\/api.w.org\/{rel}","templated":true}]}}