{"id":2,"date":"2016-09-25T21:22:53","date_gmt":"2016-09-25T18:22:53","guid":{"rendered":"http:\/\/www.dinamolat.lv\/?page_id=2"},"modified":"2022-05-27T18:10:36","modified_gmt":"2022-05-27T15:10:36","slug":"kontakti","status":"publish","type":"page","link":"https:\/\/www.dinamolat.lv\/lv\/kontakti\/","title":{"rendered":"Kontakti"},"content":{"rendered":"<h2><\/h2>\n<h3><span style=\"color: #0000ff;\"><strong><span style=\"color: #000000;\">T\u0101lrunis uzzi\u0146\u0101m:<\/span> <span style=\"color: #0000ff;\">+371 28243968<\/span><\/strong><\/span><\/h3>\n<h3><span style=\"color: #0000ff;\"><strong><span style=\"color: #000000;\">E-pasts:<\/span> <span style=\"color: #0000ff;\">sia.dinamolat@gmail.com<\/span><\/strong><\/span><\/h3>\n<p>&nbsp;<\/p>\n","protected":false},"excerpt":{"rendered":"<p>T\u0101lrunis uzzi\u0146\u0101m: +371 28243968 E-pasts: sia.dinamolat@gmail.com &nbsp;<\/p>\n<a class=\"more-link\" href=\"https:\/\/www.dinamolat.lv\/lv\/kontakti\/\">Turpin\u0101t las\u012bt <\/a>","protected":false},"author":1,"featured_media":0,"parent":0,"menu_order":0,"comment_status":"closed","ping_status":"closed","template":"","meta":[],"_links":{"self":[{"href":"https:\/\/www.dinamolat.lv\/lv\/wp-json\/wp\/v2\/pages\/2"}],"collection":[{"href":"https:\/\/www.dinamolat.lv\/lv\/wp-json\/wp\/v2\/pages"}],"about":[{"href":"https:\/\/www.dinamolat.lv\/lv\/wp-json\/wp\/v2\/types\/page"}],"author":[{"embeddable":true,"href":"https:\/\/www.dinamolat.lv\/lv\/wp-json\/wp\/v2\/users\/1"}],"replies":[{"embeddable":true,"href":"https:\/\/www.dinamolat.lv\/lv\/wp-json\/wp\/v2\/comments?post=2"}],"version-history":[{"count":14,"href":"https:\/\/www.dinamolat.lv\/lv\/wp-json\/wp\/v2\/pages\/2\/revisions"}],"predecessor-version":[{"id":1347,"href":"https:\/\/www.dinamolat.lv\/lv\/wp-json\/wp\/v2\/pages\/2\/revisions\/1347"}],"wp:attachment":[{"href":"https:\/\/www.dinamolat.lv\/lv\/wp-json\/wp\/v2\/media?parent=2"}],"curies":[{"name":"wp","href":"https:\/\/api.w.org\/{rel}","templated":true}]}}