{"id":2,"date":"2016-10-23T20:22:31","date_gmt":"2016-10-23T17:22:31","guid":{"rendered":"http:\/\/www.dinamolat.lv\/ru\/?page_id=2"},"modified":"2022-05-27T18:09:01","modified_gmt":"2022-05-27T15:09:01","slug":"pravila-oplaty","status":"publish","type":"page","link":"https:\/\/www.dinamolat.lv\/ru\/pravila-oplaty\/","title":{"rendered":"\u041f\u0440\u0430\u0432\u0438\u043b\u0430 \u043e\u043f\u043b\u0430\u0442\u044b"},"content":{"rendered":"<p style=\"margin: 20px 0px 0px; padding: 0px; border: 0px; font-variant-numeric: inherit; font-variant-east-asian: inherit; font-stretch: inherit; line-height: inherit; font-family: Helvetica, Arial, sans-serif; vertical-align: baseline;\">1.Pilnu apmaksu (100%) j\u0101veic, ja b\u0113rns ir bijis vair\u0101k par 2 nodarb\u012bb\u0101m m\u0113nes\u012b. Nepilnu apmaksu (50%) j\u0101veic, ja b\u0113rns ir bijis uz 2 vai maz\u0101k nodarb\u012bb\u0101m m\u0113nes\u012b.<\/p>\n<p style=\"margin: 20px 0px 0px; padding: 0px; border: 0px; font-variant-numeric: inherit; font-variant-east-asian: inherit; font-stretch: inherit; line-height: inherit; font-family: Helvetica, Arial, sans-serif; vertical-align: baseline;\">2.Nodarb\u012bbu maksa tiek samaks\u0101ta l\u012bdz teko\u0161\u0101 m\u0113ne\u0161a 10. datumam.<\/p>\n<p style=\"margin: 20px 0px 0px; padding: 0px; border: 0px; font-variant-numeric: inherit; font-variant-east-asian: inherit; font-stretch: inherit; line-height: inherit; font-family: Helvetica, Arial, sans-serif; vertical-align: baseline;\">3.Maks\u0101juma kav\u0113juma gad\u012bjum\u0101 audz\u0113knis netiek pielaists pie nodarb\u012bb\u0101m l\u012bdz par\u0101da dz\u0113\u0161anas br\u012bdim.<\/p>\n<p style=\"margin: 20px 0px 0px; padding: 0px; border: 0px; font-variant-numeric: inherit; font-variant-east-asian: inherit; font-stretch: inherit; line-height: inherit; font-family: Helvetica, Arial, sans-serif; vertical-align: baseline;\">4.Klubam m\u0113nes\u012b j\u0101novada konkr\u0113ts nodarb\u012bbu skaits.<\/p>\n<ul style=\"margin: 20px 0px 0px 20px; padding: 0px 0px 0px 20px; border: 0px; font-variant-numeric: inherit; font-variant-east-asian: inherit; font-stretch: inherit; line-height: inherit; font-family: Helvetica, Arial, sans-serif; vertical-align: baseline; list-style: square;\">\n<li style=\"margin: 5px 0px 0px; padding: 0px; border: 0px; font-style: inherit; font-variant: inherit; font-weight: inherit; font-stretch: inherit; line-height: inherit; font-family: inherit; vertical-align: baseline;\">Ja ned\u0113\u013c\u0101 1 nodarb\u012bba, tad 4 nodarb\u012bbas m\u0113nes\u012b;<\/li>\n<li style=\"margin: 5px 0px 0px; padding: 0px; border: 0px; font-style: inherit; font-variant: inherit; font-weight: inherit; font-stretch: inherit; line-height: inherit; font-family: inherit; vertical-align: baseline;\">Ja ned\u0113\u013c\u0101 2 nodarb\u012bbas, tad 8 nodarb\u012bbas m\u0113nes\u012b;<\/li>\n<li style=\"margin: 5px 0px 0px; padding: 0px; border: 0px; font-style: inherit; font-variant: inherit; font-weight: inherit; font-stretch: inherit; line-height: inherit; font-family: inherit; vertical-align: baseline;\">Ja ned\u0113\u013c\u0101 3 nodarb\u012bbas, tad 12 nodarb\u012bbas m\u0113nes\u012b.<\/li>\n<\/ul>\n<p style=\"margin: 20px 0px 0px; padding: 0px; border: 0px; font-variant-numeric: inherit; font-variant-east-asian: inherit; font-stretch: inherit; line-height: inherit; font-family: Helvetica, Arial, sans-serif; vertical-align: baseline;\">5.Ja m\u0113nes\u012b p\u0113c kalend\u0101ra san\u0101k vair\u0101k par paredz\u0113t\u0101m nodarb\u012bb\u0101m, t\u0101s var nenotikt.<\/p>\n<p style=\"margin: 20px 0px 0px; padding: 0px; border: 0px; font-variant-numeric: inherit; font-variant-east-asian: inherit; font-stretch: inherit; line-height: inherit; font-family: Helvetica, Arial, sans-serif; vertical-align: baseline;\">6.Ja klubs novada maz\u0101k par paredz\u0113t\u0101m nodarb\u012bb\u0101m m\u0113nes\u012b, tad t\u0101s ir iesp\u0113jams papildus atstr\u0101d\u0101t jebkur\u0101 no m\u016bsu kluba fili\u0101l\u0113m iepriek\u0161 vienojoties ar treneri.<\/p>\n<p style=\"margin: 20px 0px 0px; padding: 0px; border: 0px; font-variant-numeric: inherit; font-variant-east-asian: inherit; font-stretch: inherit; line-height: inherit; font-family: Helvetica, Arial, sans-serif; vertical-align: baseline;\">7.Sv\u0113tku br\u012bvdien\u0101s nodarb\u012bbas nenotiek un netiek atstr\u0101d\u0101tas.<\/p>\n<p style=\"margin: 20px 0px 0px; padding: 0px; border: 0px; font-variant-numeric: inherit; font-variant-east-asian: inherit; font-stretch: inherit; line-height: inherit; font-family: Helvetica, Arial, sans-serif; vertical-align: baseline;\"><span style=\"margin: 0px; padding: 0px; border: 0px; font-style: inherit; font-variant: inherit; font-weight: bold; font-stretch: inherit; line-height: inherit; font-family: inherit; vertical-align: baseline;\">Rekviz\u012bti apmaksai:<\/span><\/p>\n<p style=\"margin: 20px 0px 0px; padding: 0px; border: 0px; font-variant-numeric: inherit; font-variant-east-asian: inherit; font-stretch: inherit; line-height: inherit; font-family: Helvetica, Arial, sans-serif; vertical-align: baseline;\"><span style=\"margin: 0px; padding: 0px; border: 0px; font-style: inherit; font-variant: inherit; font-weight: bold; font-stretch: inherit; line-height: inherit; font-family: inherit; vertical-align: baseline;\">SA\u0145\u0112M\u0112JS:<\/span>\u00a0Biedr\u012bba SPORTA KLUBS DINAMO LAT<br \/>\n<span style=\"margin: 0px; padding: 0px; border: 0px; font-style: inherit; font-variant: inherit; font-weight: bold; font-stretch: inherit; line-height: inherit; font-family: inherit; vertical-align: baseline;\">KONTS:<\/span>\u00a0LV94PARX0000122700003<br \/>\n<span style=\"margin: 0px; padding: 0px; border: 0px; font-style: inherit; font-variant: inherit; font-weight: bold; font-stretch: inherit; line-height: inherit; font-family: inherit; vertical-align: baseline;\">Re\u0123.nr:<\/span>\u00a040008000013<br \/>\nMaks\u0101juma m\u0113r\u0137\u012b j\u0101nor\u0101da b\u0113rna v\u0101rds, uzv\u0101rds, m\u0113nesis par kuru tiek maks\u0101ts un skolas,d\u0101rza nosaukums, kur\u0101 notiek nodarb\u012bbas.<\/p>\n","protected":false},"excerpt":{"rendered":"<p>1.Pilnu apmaksu (100%) j\u0101veic, ja b\u0113rns ir bijis vair\u0101k par 2 nodarb\u012bb\u0101m m\u0113nes\u012b. Nepilnu apmaksu (50%) j\u0101veic, ja b\u0113rns ir bijis uz 2 vai maz\u0101k nodarb\u012bb\u0101m m\u0113nes\u012b. 2.Nodarb\u012bbu maksa tiek samaks\u0101ta l\u012bdz teko\u0161\u0101 m\u0113ne\u0161a 10. datumam. 3.Maks\u0101juma kav\u0113juma gad\u012bjum\u0101 audz\u0113knis netiek pielaists pie nodarb\u012bb\u0101m l\u012bdz par\u0101da dz\u0113\u0161anas br\u012bdim. 4.Klubam m\u0113nes\u012b j\u0101novada konkr\u0113ts nodarb\u012bbu skaits. Ja \u2026<\/p>\n<a class=\"more-link\" href=\"https:\/\/www.dinamolat.lv\/ru\/pravila-oplaty\/\">\u0427\u0438\u0442\u0430\u0442\u044c \u0434\u0430\u043b\u0435\u0435 <\/a>","protected":false},"author":1,"featured_media":0,"parent":0,"menu_order":0,"comment_status":"closed","ping_status":"closed","template":"","meta":[],"_links":{"self":[{"href":"https:\/\/www.dinamolat.lv\/ru\/wp-json\/wp\/v2\/pages\/2"}],"collection":[{"href":"https:\/\/www.dinamolat.lv\/ru\/wp-json\/wp\/v2\/pages"}],"about":[{"href":"https:\/\/www.dinamolat.lv\/ru\/wp-json\/wp\/v2\/types\/page"}],"author":[{"embeddable":true,"href":"https:\/\/www.dinamolat.lv\/ru\/wp-json\/wp\/v2\/users\/1"}],"replies":[{"embeddable":true,"href":"https:\/\/www.dinamolat.lv\/ru\/wp-json\/wp\/v2\/comments?post=2"}],"version-history":[{"count":18,"href":"https:\/\/www.dinamolat.lv\/ru\/wp-json\/wp\/v2\/pages\/2\/revisions"}],"predecessor-version":[{"id":1152,"href":"https:\/\/www.dinamolat.lv\/ru\/wp-json\/wp\/v2\/pages\/2\/revisions\/1152"}],"wp:attachment":[{"href":"https:\/\/www.dinamolat.lv\/ru\/wp-json\/wp\/v2\/media?parent=2"}],"curies":[{"name":"wp","href":"https:\/\/api.w.org\/{rel}","templated":true}]}}