{"id":23,"date":"2016-10-23T20:31:21","date_gmt":"2016-10-23T17:31:21","guid":{"rendered":"http:\/\/www.dinamolat.lv\/ru\/?page_id=23"},"modified":"2017-01-13T15:27:39","modified_gmt":"2017-01-13T13:27:39","slug":"vakansii","status":"publish","type":"page","link":"https:\/\/www.dinamolat.lv\/ru\/vakansii\/","title":{"rendered":"\u0412\u0430\u043a\u0430\u043d\u0441\u0438\u0438"},"content":{"rendered":"<p><img decoding=\"async\" loading=\"lazy\" class=\"alignnone size-medium wp-image-287\" src=\"http:\/\/www.dinamolat.lv\/ru\/wp-content\/uploads\/2016\/10\/kilmarnock-judo-club-lessons-300x136.jpg\" alt=\"kilmarnock-judo-club-lessons\" width=\"300\" height=\"136\" srcset=\"https:\/\/www.dinamolat.lv\/ru\/wp-content\/uploads\/2016\/10\/kilmarnock-judo-club-lessons-300x136.jpg 300w, https:\/\/www.dinamolat.lv\/ru\/wp-content\/uploads\/2016\/10\/kilmarnock-judo-club-lessons-768x349.jpg 768w, https:\/\/www.dinamolat.lv\/ru\/wp-content\/uploads\/2016\/10\/kilmarnock-judo-club-lessons-1024x465.jpg 1024w, https:\/\/www.dinamolat.lv\/ru\/wp-content\/uploads\/2016\/10\/kilmarnock-judo-club-lessons.jpg 1100w\" sizes=\"(max-width: 300px) 100vw, 300px\" \/><\/p>\n<p>\u0418\u0449\u0435\u043c \u0442\u0440\u0435\u043d\u0435\u0440\u0430 \u0441 \u0441\u0435\u0440\u0442\u0438\u0444\u0438\u043a\u0430\u0442\u043e\u043c. \u041f\u0440\u043e\u0433\u0440\u0430\u043c\u043c\u0430\u00a0&#8212; Visp\u0101r\u0113j\u0101 fizisk\u0101 sagatavot\u012bba ar d\u017eudo elementiem (\u0416\u0435\u043b\u0430\u0442\u0435\u043b\u044c\u043d\u043e \u0441 \u043e\u043f\u044b\u0442\u043e\u043c \u0435\u0434\u0438\u043d\u043e\u0431\u043e\u0440\u0441\u0442\u0432).\u00a0\u0420\u0430\u0431\u043e\u0442\u0430 \u0432 \u0420\u0438\u0433\u0435<\/p>\n<p>CV \u043f\u0440\u0438\u0441\u044b\u043b\u0430\u0442\u044c \u043d\u0430 \u00a0<span style=\"color: #0000ff;\"><strong><em><u>sia.dinamolat@gmail.com<\/u><\/em><\/strong><\/span><\/p>\n","protected":false},"excerpt":{"rendered":"<p>\u0418\u0449\u0435\u043c \u0442\u0440\u0435\u043d\u0435\u0440\u0430 \u0441 \u0441\u0435\u0440\u0442\u0438\u0444\u0438\u043a\u0430\u0442\u043e\u043c. \u041f\u0440\u043e\u0433\u0440\u0430\u043c\u043c\u0430\u00a0&#8212; Visp\u0101r\u0113j\u0101 fizisk\u0101 sagatavot\u012bba ar d\u017eudo elementiem (\u0416\u0435\u043b\u0430\u0442\u0435\u043b\u044c\u043d\u043e \u0441 \u043e\u043f\u044b\u0442\u043e\u043c \u0435\u0434\u0438\u043d\u043e\u0431\u043e\u0440\u0441\u0442\u0432).\u00a0\u0420\u0430\u0431\u043e\u0442\u0430 \u0432 \u0420\u0438\u0433\u0435 CV \u043f\u0440\u0438\u0441\u044b\u043b\u0430\u0442\u044c \u043d\u0430 \u00a0sia.dinamolat@gmail.com<\/p>\n<a class=\"more-link\" href=\"https:\/\/www.dinamolat.lv\/ru\/vakansii\/\">\u0427\u0438\u0442\u0430\u0442\u044c \u0434\u0430\u043b\u0435\u0435 <\/a>","protected":false},"author":1,"featured_media":0,"parent":0,"menu_order":0,"comment_status":"closed","ping_status":"closed","template":"","meta":[],"_links":{"self":[{"href":"https:\/\/www.dinamolat.lv\/ru\/wp-json\/wp\/v2\/pages\/23"}],"collection":[{"href":"https:\/\/www.dinamolat.lv\/ru\/wp-json\/wp\/v2\/pages"}],"about":[{"href":"https:\/\/www.dinamolat.lv\/ru\/wp-json\/wp\/v2\/types\/page"}],"author":[{"embeddable":true,"href":"https:\/\/www.dinamolat.lv\/ru\/wp-json\/wp\/v2\/users\/1"}],"replies":[{"embeddable":true,"href":"https:\/\/www.dinamolat.lv\/ru\/wp-json\/wp\/v2\/comments?post=23"}],"version-history":[{"count":6,"href":"https:\/\/www.dinamolat.lv\/ru\/wp-json\/wp\/v2\/pages\/23\/revisions"}],"predecessor-version":[{"id":288,"href":"https:\/\/www.dinamolat.lv\/ru\/wp-json\/wp\/v2\/pages\/23\/revisions\/288"}],"wp:attachment":[{"href":"https:\/\/www.dinamolat.lv\/ru\/wp-json\/wp\/v2\/media?parent=23"}],"curies":[{"name":"wp","href":"https:\/\/api.w.org\/{rel}","templated":true}]}}